{"id":1129,"date":"2022-01-31T13:09:13","date_gmt":"2022-01-31T12:09:13","guid":{"rendered":"http:\/\/www.koibykoi.com\/?page_id=1129"},"modified":"2023-11-27T23:39:41","modified_gmt":"2023-11-27T22:39:41","slug":"koi-en-lorraine","status":"publish","type":"page","link":"https:\/\/koibykoi.fr\/index.php\/koi-en-lorraine\/","title":{"rendered":"KOI EN LORRAINE"},"content":{"rendered":"\n<p>KOI by KOI, sp\u00e9cialiste bassin et koi japonais dans le Grand Est de la France vous propose un tr\u00e8s grand choix de nishikigoi, exclusivement import\u00e9s du Japon.<\/p>\n\n\n\n<p>KOI by KOI, LORRAINE KOI CENTER<\/p>\n\n\n\n<p>4 rue d&#8217;Alsace <\/p>\n\n\n\n<p>54360 BLAINVILLE SUR L&#8217;EAU<\/p>\n\n\n\n<p>voir sur <a href=\"https:\/\/maps.app.goo.gl\/EicCXXRYQjxu3g8N8\" target=\"_blank\" rel=\"noreferrer noopener\">Google map<\/a><\/p>\n\n\n\n<p>Fort d&#8217;une tr\u00e8s grande halle expo (350m2), nous disposons de grands bassins pour l&#8217;acclimatation et le stockage des nisai (koi de 2 ans), sansai (koi de 3ans) et yonsai plus (koi de 4 et plus). Avec 5 bassins d&#8217;environ 10m3 chacun et un bassin &#8220;VIP&#8221; de 30m3 pour les plus grands sp\u00e9cimen, nos koi disposent de volumes cons\u00e9quents pour \u00e9voluer au fil de la saison avant d&#8217;\u00eatre adopt\u00e9s et de rejoindre les plans d&#8217;eau des particuliers.<\/p>\n\n\n\n<p>Des bassins de volumes plus r\u00e9duits (de 1 \u00e0 2 m3) permettent de g\u00e9rer notre cheptel de tosai (koi de 1an) ou de petits nisai pour un rep\u00e9rage plus ais\u00e9.  6 bacs \u00e0 tosai sont en fonctionnement pour la vente. <\/p>\n\n\n\n<p>L&#8217;\u00e9tablissement dispose \u00e9galement en arri\u00e8re boutique de bassins de quarantaine entre 1 et 10m3 pour les koi qui n\u00e9cessitent des soins ponctuels ou pour d\u00e9sengorger les bacs d&#8217;exposition en cas de besoin. Bref, au total, l&#8217;enseigne est \u00e9quip\u00e9 d&#8217;un ensemble de bassins repr\u00e9sentant pr\u00e8s de 100m3 d&#8217;eau en filtration permanente dont 80m3 en exposition vente.<\/p>\n\n\n\n<p>Nos koi sont import\u00e9s directement depuis la province de Niigata, berceau des nishikigoi.<\/p>\n\n\n\n<figure class=\"wp-block-gallery has-nested-images columns-default is-cropped wp-block-gallery-1 is-layout-flex wp-block-gallery-is-layout-flex\">\n<figure class=\"wp-block-image size-large\"><img fetchpriority=\"high\" decoding=\"async\" width=\"768\" height=\"1024\" data-id=\"1534\" src=\"https:\/\/koibykoi.fr\/wp-content\/uploads\/2023\/11\/IMG-20231012-WA0000-768x1024.jpg\" alt=\"\" class=\"wp-image-1534\" srcset=\"https:\/\/koibykoi.fr\/wp-content\/uploads\/2023\/11\/IMG-20231012-WA0000-768x1024.jpg 768w, https:\/\/koibykoi.fr\/wp-content\/uploads\/2023\/11\/IMG-20231012-WA0000-225x300.jpg 225w, https:\/\/koibykoi.fr\/wp-content\/uploads\/2023\/11\/IMG-20231012-WA0000-1152x1536.jpg 1152w, https:\/\/koibykoi.fr\/wp-content\/uploads\/2023\/11\/IMG-20231012-WA0000-45x60.jpg 45w, https:\/\/koibykoi.fr\/wp-content\/uploads\/2023\/11\/IMG-20231012-WA0000.jpg 1536w\" sizes=\"(max-width: 768px) 100vw, 768px\" \/><\/figure>\n\n\n\n<figure class=\"wp-block-image size-large\"><img decoding=\"async\" width=\"768\" height=\"1024\" data-id=\"1532\" src=\"https:\/\/koibykoi.fr\/wp-content\/uploads\/2023\/11\/IMG-20231102-WA0002-768x1024.jpg\" alt=\"\" class=\"wp-image-1532\" srcset=\"https:\/\/koibykoi.fr\/wp-content\/uploads\/2023\/11\/IMG-20231102-WA0002-768x1024.jpg 768w, https:\/\/koibykoi.fr\/wp-content\/uploads\/2023\/11\/IMG-20231102-WA0002-225x300.jpg 225w, https:\/\/koibykoi.fr\/wp-content\/uploads\/2023\/11\/IMG-20231102-WA0002-1152x1536.jpg 1152w, https:\/\/koibykoi.fr\/wp-content\/uploads\/2023\/11\/IMG-20231102-WA0002-45x60.jpg 45w, https:\/\/koibykoi.fr\/wp-content\/uploads\/2023\/11\/IMG-20231102-WA0002.jpg 1200w\" sizes=\"(max-width: 768px) 100vw, 768px\" \/><\/figure>\n\n\n\n<figure class=\"wp-block-image size-large\"><img decoding=\"async\" width=\"1024\" height=\"768\" data-id=\"1533\" src=\"https:\/\/koibykoi.fr\/wp-content\/uploads\/2023\/11\/IMG-20231103-WA0007-1024x768.jpg\" alt=\"\" class=\"wp-image-1533\" srcset=\"https:\/\/koibykoi.fr\/wp-content\/uploads\/2023\/11\/IMG-20231103-WA0007-1024x768.jpg 1024w, https:\/\/koibykoi.fr\/wp-content\/uploads\/2023\/11\/IMG-20231103-WA0007-300x225.jpg 300w, https:\/\/koibykoi.fr\/wp-content\/uploads\/2023\/11\/IMG-20231103-WA0007-768x576.jpg 768w, https:\/\/koibykoi.fr\/wp-content\/uploads\/2023\/11\/IMG-20231103-WA0007-1536x1152.jpg 1536w, https:\/\/koibykoi.fr\/wp-content\/uploads\/2023\/11\/IMG-20231103-WA0007-80x60.jpg 80w, https:\/\/koibykoi.fr\/wp-content\/uploads\/2023\/11\/IMG-20231103-WA0007.jpg 1600w\" sizes=\"(max-width: 1024px) 100vw, 1024px\" \/><\/figure>\n<\/figure>\n\n\n\n<p> <\/p>\n\n\n\n<p>Depuis septembre jusqu&#8217;\u00e0 novembre, les \u00e9leveurs vident les \u00e9tangs &#8220;mud ponds&#8221; et rassemblent les koi dans les serres des fermes pour l&#8217;export ou le stockage.<\/p>\n\n\n\n<figure class=\"wp-block-gallery has-nested-images columns-default is-cropped wp-block-gallery-2 is-layout-flex wp-block-gallery-is-layout-flex\">\n<figure class=\"wp-block-image size-large\"><img loading=\"lazy\" decoding=\"async\" width=\"768\" height=\"1024\" data-id=\"1535\" src=\"https:\/\/koibykoi.fr\/wp-content\/uploads\/2023\/11\/IMG-20231026-WA0003-768x1024.jpg\" alt=\"\" class=\"wp-image-1535\" srcset=\"https:\/\/koibykoi.fr\/wp-content\/uploads\/2023\/11\/IMG-20231026-WA0003-768x1024.jpg 768w, https:\/\/koibykoi.fr\/wp-content\/uploads\/2023\/11\/IMG-20231026-WA0003-225x300.jpg 225w, https:\/\/koibykoi.fr\/wp-content\/uploads\/2023\/11\/IMG-20231026-WA0003-1152x1536.jpg 1152w, https:\/\/koibykoi.fr\/wp-content\/uploads\/2023\/11\/IMG-20231026-WA0003-1536x2048.jpg 1536w, https:\/\/koibykoi.fr\/wp-content\/uploads\/2023\/11\/IMG-20231026-WA0003-45x60.jpg 45w, https:\/\/koibykoi.fr\/wp-content\/uploads\/2023\/11\/IMG-20231026-WA0003-scaled.jpg 1920w\" sizes=\"(max-width: 768px) 100vw, 768px\" \/><\/figure>\n\n\n\n<figure class=\"wp-block-image size-large\"><img loading=\"lazy\" decoding=\"async\" width=\"768\" height=\"1024\" data-id=\"1536\" src=\"https:\/\/koibykoi.fr\/wp-content\/uploads\/2023\/11\/IMG-20231008-WA0000-768x1024.jpg\" alt=\"\" class=\"wp-image-1536\" srcset=\"https:\/\/koibykoi.fr\/wp-content\/uploads\/2023\/11\/IMG-20231008-WA0000-768x1024.jpg 768w, https:\/\/koibykoi.fr\/wp-content\/uploads\/2023\/11\/IMG-20231008-WA0000-225x300.jpg 225w, https:\/\/koibykoi.fr\/wp-content\/uploads\/2023\/11\/IMG-20231008-WA0000-1152x1536.jpg 1152w, https:\/\/koibykoi.fr\/wp-content\/uploads\/2023\/11\/IMG-20231008-WA0000-45x60.jpg 45w, https:\/\/koibykoi.fr\/wp-content\/uploads\/2023\/11\/IMG-20231008-WA0000.jpg 1200w\" sizes=\"(max-width: 768px) 100vw, 768px\" \/><\/figure>\n\n\n\n<figure class=\"wp-block-image size-large\"><img loading=\"lazy\" decoding=\"async\" width=\"768\" height=\"1024\" data-id=\"1542\" src=\"https:\/\/koibykoi.fr\/wp-content\/uploads\/2023\/11\/IMG-20221124-WA0000-768x1024.jpg\" alt=\"\" class=\"wp-image-1542\" srcset=\"https:\/\/koibykoi.fr\/wp-content\/uploads\/2023\/11\/IMG-20221124-WA0000-768x1024.jpg 768w, https:\/\/koibykoi.fr\/wp-content\/uploads\/2023\/11\/IMG-20221124-WA0000-225x300.jpg 225w, https:\/\/koibykoi.fr\/wp-content\/uploads\/2023\/11\/IMG-20221124-WA0000-1152x1536.jpg 1152w, https:\/\/koibykoi.fr\/wp-content\/uploads\/2023\/11\/IMG-20221124-WA0000-45x60.jpg 45w, https:\/\/koibykoi.fr\/wp-content\/uploads\/2023\/11\/IMG-20221124-WA0000.jpg 1536w\" sizes=\"(max-width: 768px) 100vw, 768px\" \/><\/figure>\n<\/figure>\n\n\n\n<p>Notre agent Antoine de chez Ornafish, s\u00e9lectionne nos  poissons suivant les crit\u00e8res fournis. Les p\u00e9riodes de s\u00e9lections \u00e9chies, les koi, apr\u00e8s une phase de jeun, sont pr\u00e9par\u00e9s pour l&#8217;exp\u00e9dition.<\/p>\n\n\n\n<figure class=\"wp-block-gallery has-nested-images columns-default is-cropped wp-block-gallery-3 is-layout-flex wp-block-gallery-is-layout-flex\">\n<figure class=\"wp-block-image size-large\"><img loading=\"lazy\" decoding=\"async\" width=\"768\" height=\"1024\" data-id=\"1537\" src=\"https:\/\/koibykoi.fr\/wp-content\/uploads\/2023\/11\/IMG-20221115-WA0005.jpg\" alt=\"\" class=\"wp-image-1537\" srcset=\"https:\/\/koibykoi.fr\/wp-content\/uploads\/2023\/11\/IMG-20221115-WA0005.jpg 768w, https:\/\/koibykoi.fr\/wp-content\/uploads\/2023\/11\/IMG-20221115-WA0005-225x300.jpg 225w, https:\/\/koibykoi.fr\/wp-content\/uploads\/2023\/11\/IMG-20221115-WA0005-45x60.jpg 45w\" sizes=\"(max-width: 768px) 100vw, 768px\" \/><\/figure>\n\n\n\n<figure class=\"wp-block-image size-large\"><img loading=\"lazy\" decoding=\"async\" width=\"768\" height=\"1024\" data-id=\"1541\" src=\"https:\/\/koibykoi.fr\/wp-content\/uploads\/2023\/11\/IMG-20221115-WA0008-768x1024.jpg\" alt=\"\" class=\"wp-image-1541\" srcset=\"https:\/\/koibykoi.fr\/wp-content\/uploads\/2023\/11\/IMG-20221115-WA0008-768x1024.jpg 768w, https:\/\/koibykoi.fr\/wp-content\/uploads\/2023\/11\/IMG-20221115-WA0008-225x300.jpg 225w, https:\/\/koibykoi.fr\/wp-content\/uploads\/2023\/11\/IMG-20221115-WA0008-1152x1536.jpg 1152w, https:\/\/koibykoi.fr\/wp-content\/uploads\/2023\/11\/IMG-20221115-WA0008-45x60.jpg 45w, https:\/\/koibykoi.fr\/wp-content\/uploads\/2023\/11\/IMG-20221115-WA0008.jpg 1200w\" sizes=\"(max-width: 768px) 100vw, 768px\" \/><\/figure>\n\n\n\n<figure class=\"wp-block-image size-large\"><img loading=\"lazy\" decoding=\"async\" width=\"1024\" height=\"768\" data-id=\"1539\" src=\"https:\/\/koibykoi.fr\/wp-content\/uploads\/2023\/11\/IMG-20231115-WA0002-1024x768.jpg\" alt=\"\" class=\"wp-image-1539\" srcset=\"https:\/\/koibykoi.fr\/wp-content\/uploads\/2023\/11\/IMG-20231115-WA0002-1024x768.jpg 1024w, https:\/\/koibykoi.fr\/wp-content\/uploads\/2023\/11\/IMG-20231115-WA0002-300x225.jpg 300w, https:\/\/koibykoi.fr\/wp-content\/uploads\/2023\/11\/IMG-20231115-WA0002-768x576.jpg 768w, https:\/\/koibykoi.fr\/wp-content\/uploads\/2023\/11\/IMG-20231115-WA0002-1536x1152.jpg 1536w, https:\/\/koibykoi.fr\/wp-content\/uploads\/2023\/11\/IMG-20231115-WA0002-80x60.jpg 80w, https:\/\/koibykoi.fr\/wp-content\/uploads\/2023\/11\/IMG-20231115-WA0002.jpg 1600w\" sizes=\"(max-width: 1024px) 100vw, 1024px\" \/><\/figure>\n\n\n\n<figure class=\"wp-block-image size-large\"><img loading=\"lazy\" decoding=\"async\" width=\"768\" height=\"1024\" data-id=\"1538\" src=\"https:\/\/koibykoi.fr\/wp-content\/uploads\/2023\/11\/IMG-20221115-WA0006.jpg\" alt=\"\" class=\"wp-image-1538\" srcset=\"https:\/\/koibykoi.fr\/wp-content\/uploads\/2023\/11\/IMG-20221115-WA0006.jpg 768w, https:\/\/koibykoi.fr\/wp-content\/uploads\/2023\/11\/IMG-20221115-WA0006-225x300.jpg 225w, https:\/\/koibykoi.fr\/wp-content\/uploads\/2023\/11\/IMG-20221115-WA0006-45x60.jpg 45w\" sizes=\"(max-width: 768px) 100vw, 768px\" \/><\/figure>\n\n\n\n<figure class=\"wp-block-image size-large\"><img loading=\"lazy\" decoding=\"async\" width=\"768\" height=\"1024\" data-id=\"1540\" src=\"https:\/\/koibykoi.fr\/wp-content\/uploads\/2023\/11\/IMG-20230127-WA0006-768x1024.jpg\" alt=\"\" class=\"wp-image-1540\" srcset=\"https:\/\/koibykoi.fr\/wp-content\/uploads\/2023\/11\/IMG-20230127-WA0006-768x1024.jpg 768w, https:\/\/koibykoi.fr\/wp-content\/uploads\/2023\/11\/IMG-20230127-WA0006-225x300.jpg 225w, https:\/\/koibykoi.fr\/wp-content\/uploads\/2023\/11\/IMG-20230127-WA0006-1152x1536.jpg 1152w, https:\/\/koibykoi.fr\/wp-content\/uploads\/2023\/11\/IMG-20230127-WA0006-45x60.jpg 45w, https:\/\/koibykoi.fr\/wp-content\/uploads\/2023\/11\/IMG-20230127-WA0006.jpg 1200w\" sizes=\"(max-width: 768px) 100vw, 768px\" \/><\/figure>\n<\/figure>\n\n\n\n<p>Ils sont transport\u00e9s en avion cargo depuis le Japon vers Roissy Charles de Gaule o\u00f9 nous les r\u00e9ceptionnons avant de les rapatrier rapidement dans nos bassins o\u00f9 ils seront acclimat\u00e9s, soign\u00e9s, d\u00e9parasit\u00e9s avant d&#8217;\u00eatre mis en vente quelques mois plus tard. Nisai sansai et plus arrivent enfin d&#8217;automne, novembre et d\u00e9cembre, les tosai quant \u00e0 eux arrivent durant l&#8217;hiver (janvier ou f\u00e9vrier). Les koi de 2 ans et plus sont mis en vente d\u00e8s leur s\u00e9lection, via photos et vid\u00e9os mais ne quitteront l&#8217;\u00e9tablissement qu&#8217;\u00e0 partir de d\u00e9but avril afin d&#8217;assurer un bon suivi et une bonne acclimatation dans vos bassins de jardin. Concernant les tosai, aucune r\u00e9servation n&#8217;est possible, ils sont mis en vente d\u00e9but avril avec la r\u00e8gle du premier arriv\u00e9, premier servi. <\/p>\n\n\n\n<figure class=\"wp-block-gallery has-nested-images columns-4 is-cropped wp-block-gallery-4 is-layout-flex wp-block-gallery-is-layout-flex\">\n<figure class=\"wp-block-image size-large\"><img loading=\"lazy\" decoding=\"async\" width=\"768\" height=\"1024\" data-id=\"1543\" src=\"https:\/\/koibykoi.fr\/wp-content\/uploads\/2023\/11\/IMG-20230401-WA0002-768x1024.jpg\" alt=\"\" class=\"wp-image-1543\" srcset=\"https:\/\/koibykoi.fr\/wp-content\/uploads\/2023\/11\/IMG-20230401-WA0002-768x1024.jpg 768w, https:\/\/koibykoi.fr\/wp-content\/uploads\/2023\/11\/IMG-20230401-WA0002-225x300.jpg 225w, https:\/\/koibykoi.fr\/wp-content\/uploads\/2023\/11\/IMG-20230401-WA0002-1152x1536.jpg 1152w, https:\/\/koibykoi.fr\/wp-content\/uploads\/2023\/11\/IMG-20230401-WA0002-45x60.jpg 45w, https:\/\/koibykoi.fr\/wp-content\/uploads\/2023\/11\/IMG-20230401-WA0002.jpg 1200w\" sizes=\"(max-width: 768px) 100vw, 768px\" \/><\/figure>\n<\/figure>\n\n\n\n<p>Nos clients nous demandent souvent comment voyagent les koi. Il est vrai que cela semble impressionnant de pouvoir transporter ces poissons sur une si grande distance sans probl\u00e8me.<\/p>\n\n\n\n<p>La logistique mise en place par les \u00e9leveurs, maintenant bien rod\u00e9e, est stup\u00e9fiante et les conditions de transport mises en place d&#8217;un bout \u00e0 l&#8217;autre du circuit d&#8217;importation sont optimis\u00e9es pour la s\u00e9curit\u00e9 des koi. Un je\u00fbne pr\u00e9alable \u00e0 l&#8217;exp\u00e9dition \u00e9vite que les d\u00e9jections des koi ne polluent l&#8217;eau de transport \u00e0 outrance. Par ailleurs des patchs capteurs d&#8217;ammoniaque prolongent la viabilit\u00e9 du milieu. Les koi sont conditionn\u00e9s par les \u00e9leveurs en doubles ou triples sacs avec eau et oxyg\u00e8ne pur. Chaque sac et dispos\u00e9 dans un cartons solide doubl\u00e9 d&#8217;une poche de s\u00e9curit\u00e9. <\/p>\n\n\n\n<figure class=\"wp-block-gallery has-nested-images columns-default is-cropped wp-block-gallery-5 is-layout-flex wp-block-gallery-is-layout-flex\"><\/figure>\n\n\n\n<p>Collect\u00e9s en camion sp\u00e9cialis\u00e9, les box sont transport\u00e9s \u00e0 l&#8217;a\u00e9roport.<\/p>\n\n\n\n<p> Arriv\u00e9s \u00e0 destination, apr\u00e8s les contr\u00f4les douaniers et sanitaires, nous r\u00e9cup\u00e9rons les box pour les rapatrier imm\u00e9diatement au magasin. Apr\u00e8s remise en temp\u00e9rature dans des bassins chauff\u00e9s, les koi sont progressivement install\u00e9s dans leur nouvel environnement. Sous haute surveillance, ils vont se remettre en quelques jours de ce long voyage. D\u00e8s le lendemain ils seront nourris et suppl\u00e9ment\u00e9s en vitamines et propolis afin de reprendre des forces. Apr\u00e8s 72h, les contr\u00f4les parasitaires sont mis en oeuvre et les \u00e9ventuels traitements mis en place. Les koi sont maintenus en bacs chauff\u00e9s pendant plusieurs semaines avant de retrouver progressivement des temp\u00e9ratures hivernales.<\/p>\n\n\n\n<p>Nos koi ne seront vendus par la suite qu&#8217;en local, c&#8217;est \u00e0 dire qu&#8217;il n&#8217;y a aucune exp\u00e9dition possible pour nos poissons, non pas par impossibilit\u00e9 mais par choix, nous estimons que vous serez bien plus soigneux et pr\u00e9cautionneux que n&#8217;importe quel transporteur pour l&#8217;acheminement des koi vers votre domicile. Quoi qu&#8217;il en soit, nous conditionnons nos koi sous double sacs (simple sac pour les plus petits) et sous oxyg\u00e8ne pur afin que vous voyagiez sereinement, quelque soit la distance. Les sacs sont mis en cartons robustes pour les nisai et plus alors que les tosai et petits nisai seront donn\u00e9s simplement en sac sauf cas particuliers (transport longue distance, grandes quantit\u00e9s&#8230;).<\/p>\n\n\n\n<p>Nous sommes certes bas\u00e9s \u00e0 la fronti\u00e8re Meurthe et Moselle \/ Vosges, mais nos clients, passionn\u00e9s comme novices viennent de toute la r\u00e9gion Grand Est (Meuse et Moselle pour la Lorraine, Haut Rhin et Bas Rhin pour l&#8217;Alsace) mais \u00e9galement des r\u00e9gions voisines Champagne Ardennes et Franche Comt\u00e9. Il n&#8217;est pas rare en effet de recevoir les fans de koi venant de loin, Jura, Doubs, Haute Sa\u00f4ne, Sa\u00f4ne et Loire, Ardennes Marne, Haute Marne, Aube&#8230;). M\u00eame si cela reste plus ponctuel, nos amis du sud de la Belgique et du Luxembourg appr\u00e9cient \u00e9galement notre offre.<\/p>\n\n\n\n<p>Concernant les \u00e9leveurs japonais que nous sollicitons, voici ci-dessous la liste:<\/p>\n\n\n\n<ol>\n<li><strong>AO Aokiya Koi Farm<\/strong> g\u00e9r\u00e9e par Aoki Motoyoshi \u00e0 Katakai, Ojiya avec des vari\u00e9t\u00e9s telles que Goshiki, Doitsu Goshiki, Kikusui, Yamato, Doitsu Kohaku, Doitsu Sanke, Hariwake, Kujaku, Kawari <\/li>\n\n\n\n<li><strong>Fukasawa Koi Farm <\/strong>g\u00e9r\u00e9e par Oofuchi Hideaki \u00e0 Nagaoka avec ces vari\u00e9t\u00e9s: Kawarimono, Kujaku, Shusui, Sanke <\/li>\n\n\n\n<li><strong>Ozumi Ikarashi Koi Farm<\/strong> g\u00e9r\u00e9e par Ikarashi Hidetoshi \u00e0 Ozumi, Nagaoka avec les vari\u00e9t\u00e9s suivantes Go Sanke, Hikarimono, Kawarimono&nbsp;<\/li>\n\n\n\n<li><strong>Koi No Kansuke<\/strong> g\u00e9r\u00e9e par Tomono Seji \u00e0 Ojiya avec principalement des Kohaku, Ginrin Kohaku, Showa, Ginrin Showa, Sanke<\/li>\n\n\n\n<li><strong>Koda Koi Farm<\/strong> g\u00e9r\u00e9e par Hoshino Masato \u00e0 Kawaguchi, Nagaoka r\u00e9put\u00e9 pour ses Ginrin Showa, Goshiki&nbsp;<\/li>\n\n\n\n<li><strong>Koshiji Koi Farm <\/strong>men\u00e9e par Kase Kiyoshi \u00e0 Iwada, Nagaoka avec notamment des Doitsu Go Sanke, Showa, Goshiki, Yamatonishiki, Kikusui, Kikokuryu<\/li>\n\n\n\n<li><strong>Marudo Koi Farm<\/strong> de Hirasawa Hisashi \u00e0 Nagaoka avec ses c\u00e9l\u00e8bres  Go Sanke, Asagi, Hikarimono<\/li>\n\n\n\n<li><strong>Nishiki Maruhide Koi Farm<\/strong> g\u00e9r\u00e9e par Hirasawa Hidemasa \u00e0 Ojiya produisant entre autre Doitsu Go Sanke, Kohaku, Kawarimono<\/li>\n\n\n\n<li><strong>Maruhiro Koi Farm<\/strong> tenue par Hirasawa Hironori \u00e0 Minaminigoro, Ojiya r\u00e9put\u00e9 pour ses Go Sanke, Utsurimon, Hikarimono, Kawarigoi&nbsp;<\/li>\n\n\n\n<li><strong>Marusei Koi Farm<\/strong> du fameux Hirasawa Yoshiyuki \u00e0 Kawaguchi, Nagaoka \u00e9l\u00e9vant de tr\u00e8s nombreuses vari\u00e9t\u00e9s, notamment Go Sanke, Kujaku, Kawarimono&nbsp;<\/li>\n\n\n\n<li><strong>Miyaishi Koi Farm<\/strong> tenue par Miya Kentaro \u00e0 Uragara, Ojiya \u00e9l\u00e9vant entre autre des Go Sanke<\/li>\n\n\n\n<li><strong>Miyatora Koi Farm<\/strong> de Miya Katsunori \u00e0 Kawaguchi, Nagaoka avec ses Go Sanke, Shusui, Kujaku, Kin Ki Utsuri, Platina and other Doitsu and Ginrin<\/li>\n\n\n\n<li><strong>Otsuka Koi Farm<\/strong> g\u00e9r\u00e9e par Otsuka Yoshikazu \u00e0 Koguriyama, Ojiya et produisant entre autres Goshiki, Asagi, Kage Shiro Utsuri, Ki Utsuri, Aka Matsuba, Ochiba Shigure, Budo Goromo, Goshiki Showa, Kawarimono, Go Sanke<\/li>\n\n\n\n<li>Sakazume Koi farm g\u00e9r\u00e9e par Sakazume Shinsaku \u00e0 Koguriyama, Ojiya avec ses Go Sanke, Goromo, Yamatonishiki, Kikusui&nbsp;<\/li>\n\n\n\n<li><strong>Shinoda Koi Farm<\/strong> de Shinoda Masanori \u00e0 Koguriyama, Ojiya renomm\u00e9 pour ses Doitsu Go Sanke, Ginrin Showa, Hi Utsuri<\/li>\n\n\n\n<li><strong>Yagenji Koi Farm<\/strong> g\u00e9r\u00e9e par Ishihara Daisuke \u00e0 Yamakoshi, Nagaoka qui \u00e9l\u00e8ve des Go Sanke, Shiro Utsuri, Ginrin Kohaku, Ginrin Showa, Goshiki, Kujaku, Kikusui, Asagi, Doitsu Sanke, Karashigoi&nbsp;<\/li>\n<\/ol>\n\n\n\n<p> Cr\u00e9dit photos Antoine Vincent Ornafish \ud83d\ude4f\ud83c\udffb<\/p>\n","protected":false},"excerpt":{"rendered":"<p>KOI by KOI, sp\u00e9cialiste bassin et koi japonais dans le Grand Est de la France vous propose un tr\u00e8s grand choix de nishikigoi, exclusivement import\u00e9s du Japon. KOI by KOI, LORRAINE KOI CENTER 4 rue d&#8217;Alsace 54360 BLAINVILLE SUR L&#8217;EAU voir sur Google map Fort d&#8217;une tr\u00e8s grande halle expo (350m2), nous disposons de grands &hellip; <\/p>\n","protected":false},"author":1,"featured_media":1130,"parent":0,"menu_order":0,"comment_status":"closed","ping_status":"closed","template":"","meta":{"footnotes":""},"_links":{"self":[{"href":"https:\/\/koibykoi.fr\/index.php\/wp-json\/wp\/v2\/pages\/1129"}],"collection":[{"href":"https:\/\/koibykoi.fr\/index.php\/wp-json\/wp\/v2\/pages"}],"about":[{"href":"https:\/\/koibykoi.fr\/index.php\/wp-json\/wp\/v2\/types\/page"}],"author":[{"embeddable":true,"href":"https:\/\/koibykoi.fr\/index.php\/wp-json\/wp\/v2\/users\/1"}],"replies":[{"embeddable":true,"href":"https:\/\/koibykoi.fr\/index.php\/wp-json\/wp\/v2\/comments?post=1129"}],"version-history":[{"count":1,"href":"https:\/\/koibykoi.fr\/index.php\/wp-json\/wp\/v2\/pages\/1129\/revisions"}],"predecessor-version":[{"id":1544,"href":"https:\/\/koibykoi.fr\/index.php\/wp-json\/wp\/v2\/pages\/1129\/revisions\/1544"}],"wp:featuredmedia":[{"embeddable":true,"href":"https:\/\/koibykoi.fr\/index.php\/wp-json\/"}],"wp:attachment":[{"href":"https:\/\/koibykoi.fr\/index.php\/wp-json\/wp\/v2\/media?parent=1129"}],"curies":[{"name":"wp","href":"https:\/\/api.w.org\/{rel}","templated":true}]}}